{"id":520,"date":"2020-10-28T21:15:47","date_gmt":"2020-10-28T20:15:47","guid":{"rendered":"http:\/\/www.oliwiadzwirzyno.dev.cc\/?page_id=520"},"modified":"2026-04-11T22:56:55","modified_gmt":"2026-04-11T20:56:55","slug":"cennik","status":"publish","type":"page","link":"https:\/\/www.oliwiadzwirzyno.pl\/de\/cennik\/","title":{"rendered":"PREISLISTE"},"content":{"rendered":"<div data-elementor-type=\"wp-page\" data-elementor-id=\"520\" class=\"elementor elementor-520\">\n\t\t\t\t\t\t<section class=\"elementor-section elementor-top-section elementor-element elementor-element-3d979f9 elementor-section-content-middle elementor-section-boxed elementor-section-height-default elementor-section-height-default\" data-id=\"3d979f9\" data-element_type=\"section\" data-settings=\"{&quot;background_background&quot;:&quot;classic&quot;}\">\n\t\t\t\t\t\t\t<div class=\"elementor-background-overlay\"><\/div>\n\t\t\t\t\t\t\t<div class=\"elementor-container elementor-column-gap-no\">\n\t\t\t\t\t<div class=\"elementor-column elementor-col-100 elementor-top-column elementor-element elementor-element-2a050c2\" data-id=\"2a050c2\" data-element_type=\"column\">\n\t\t\t<div class=\"elementor-widget-wrap elementor-element-populated\">\n\t\t\t\t\t\t<div class=\"elementor-element elementor-element-c244a75 elementor-widget elementor-widget-heading\" data-id=\"c244a75\" data-element_type=\"widget\" data-widget_type=\"heading.default\">\n\t\t\t\t<div class=\"elementor-widget-container\">\n\t\t\t\t\t<h1 class=\"elementor-heading-title elementor-size-default\">Cennik <br>2026<br><\/h1>\t\t\t\t<\/div>\n\t\t\t\t<\/div>\n\t\t\t\t<div class=\"elementor-element elementor-element-b25b56e elementor-widget elementor-widget-heading\" data-id=\"b25b56e\" data-element_type=\"widget\" data-widget_type=\"heading.default\">\n\t\t\t\t<div class=\"elementor-widget-container\">\n\t\t\t\t\t<h2 class=\"elementor-heading-title elementor-size-default\"><b>Animacje dla Dzieci<\/b><br><b>w <\/b><br><b>Cenie Pobytu<\/b><\/h2>\t\t\t\t<\/div>\n\t\t\t\t<\/div>\n\t\t\t\t\t<\/div>\n\t\t<\/div>\n\t\t\t\t\t<\/div>\n\t\t<\/section>\n\t\t\t\t<section class=\"elementor-section elementor-top-section elementor-element elementor-element-99e39a3 elementor-section-boxed elementor-section-height-default elementor-section-height-default\" data-id=\"99e39a3\" data-element_type=\"section\">\n\t\t\t\t\t\t<div class=\"elementor-container elementor-column-gap-default\">\n\t\t\t\t\t<div class=\"elementor-column elementor-col-100 elementor-top-column elementor-element elementor-element-b8bb55a\" data-id=\"b8bb55a\" data-element_type=\"column\">\n\t\t\t<div class=\"elementor-widget-wrap elementor-element-populated\">\n\t\t\t\t\t\t<div class=\"elementor-element elementor-element-5ba0972 elementor-widget elementor-widget-spacer\" data-id=\"5ba0972\" data-element_type=\"widget\" data-widget_type=\"spacer.default\">\n\t\t\t\t<div class=\"elementor-widget-container\">\n\t\t\t\t\t\t\t<div class=\"elementor-spacer\">\n\t\t\t<div class=\"elementor-spacer-inner\"><\/div>\n\t\t<\/div>\n\t\t\t\t\t\t<\/div>\n\t\t\t\t<\/div>\n\t\t\t\t<div class=\"elementor-element elementor-element-f670fab elementor-widget elementor-widget-heading\" data-id=\"f670fab\" data-element_type=\"widget\" data-widget_type=\"heading.default\">\n\t\t\t\t<div class=\"elementor-widget-container\">\n\t\t\t\t\t<h2 class=\"elementor-heading-title elementor-size-small\"><br>Wycen\u0119 pobytu i dost\u0119pny termin  przesy\u0142amy na maila <br>Prosz\u0119 klikn\u0105\u0107 w zak\u0142adka kontakt <br>Aktualne Dost\u0119pne Terminy <\/h2>\t\t\t\t<\/div>\n\t\t\t\t<\/div>\n\t\t\t\t<section class=\"elementor-section elementor-inner-section elementor-element elementor-element-05f2abd elementor-section-boxed elementor-section-height-default elementor-section-height-default\" data-id=\"05f2abd\" data-element_type=\"section\">\n\t\t\t\t\t\t<div class=\"elementor-container elementor-column-gap-default\">\n\t\t\t\t\t<div class=\"elementor-column elementor-col-100 elementor-inner-column elementor-element elementor-element-07da2c0\" data-id=\"07da2c0\" data-element_type=\"column\">\n\t\t\t<div class=\"elementor-widget-wrap\">\n\t\t\t\t\t\t\t<\/div>\n\t\t<\/div>\n\t\t\t\t\t<\/div>\n\t\t<\/section>\n\t\t\t\t<div class=\"elementor-element elementor-element-170d086 elementor-widget elementor-widget-shortcode\" data-id=\"170d086\" data-element_type=\"widget\" data-widget_type=\"shortcode.default\">\n\t\t\t\t<div class=\"elementor-widget-container\">\n\t\t\t\t\t\t\t<div class=\"elementor-shortcode\">\n<table id=\"tablepress-1\" class=\"tablepress tablepress-id-1 tbody-has-connected-cells\">\n<tbody class=\"row-striping row-hover\">\n<tr class=\"row-1\">\n\t<td colspan=\"2\" class=\"column-1\"><strong>CZERWIEC 2026<\/strong><\/td>\n<\/tr>\n<tr class=\"row-2\">\n\t<td class=\"column-1\">Na zapytanie<\/td><td class=\"column-2\">Na zapytanie <\/td>\n<\/tr>\n<tr class=\"row-3\">\n\t<td class=\"column-1\"><strong>LIPIEC 2026 <\/strong><\/td><td class=\"column-2\"><strong>PROMOCJA<strong> <\/td>\n<\/tr>\n<tr class=\"row-4\">\n\t<td class=\"column-1\">Cena za 5 os\u00f3b <\/td><td class=\"column-2\">Cena za 5 os\u00f3b <\/td>\n<\/tr>\n<tr class=\"row-5\">\n\t<td class=\"column-1\"><\/td><td class=\"column-2\"><\/td>\n<\/tr>\n<tr class=\"row-6\">\n\t<td class=\"column-1\">26.06 - 03.07  (7 dni)<\/td><td class=\"column-2\">doba 400 z\u0142  (2800 z\u0142)<\/td>\n<\/tr>\n<tr class=\"row-7\">\n\t<td class=\"column-1\">27.06 - 04.07  (7 dni)<\/td><td class=\"column-2\">doba 440 z\u0142  (3080 z\u0142)<\/td>\n<\/tr>\n<tr class=\"row-8\">\n\t<td class=\"column-1\">28.06 - 05.07  (7 dni)<\/td><td class=\"column-2\">doba 430 z\u0142  (3010 z\u0142)<\/td>\n<\/tr>\n<tr class=\"row-9\">\n\t<td class=\"column-1\">01.07 - 06.07  (5 dni)<\/td><td class=\"column-2\">doba 480 z\u0142  (2400 z\u0142)<\/td>\n<\/tr>\n<tr class=\"row-10\">\n\t<td class=\"column-1\">03.07 - 10.07  (7 dni)<\/td><td class=\"column-2\">doba 480 z\u0142  (3360 z\u0142)<\/td>\n<\/tr>\n<tr class=\"row-11\">\n\t<td class=\"column-1\">04.07 - 11.07  (7 dni)<\/td><td class=\"column-2\">doba 480 z\u0142  (3360 z\u0142)<\/td>\n<\/tr>\n<tr class=\"row-12\">\n\t<td class=\"column-1\">05.07 - 12.07  (7 dni)<\/td><td class=\"column-2\">doba 480 z\u0142  (3360 z\u0142)<\/td>\n<\/tr>\n<tr class=\"row-13\">\n\t<td class=\"column-1\">06.07 - 11.07  (5 dni)<\/td><td class=\"column-2\">doba 480 z\u0142  (2400 z\u0142)<\/td>\n<\/tr>\n<tr class=\"row-14\">\n\t<td class=\"column-1\">10.07 - 17.07  (7 dni)<\/td><td class=\"column-2\">doba 500 z\u0142  (3500 z\u0142)<\/td>\n<\/tr>\n<tr class=\"row-15\">\n\t<td class=\"column-1\">11.07 - 16.07  (5 dni)<\/td><td class=\"column-2\">doba 550 z\u0142  (2750 z\u0142)<\/td>\n<\/tr>\n<tr class=\"row-16\">\n\t<td class=\"column-1\">11.07 - 18.07 (7 dni)<\/td><td class=\"column-2\">doba 550 z\u0142 (3850 z\u0142)<\/td>\n<\/tr>\n<tr class=\"row-17\">\n\t<td class=\"column-1\">17.07 - 24.07  (7 dni)<\/td><td class=\"column-2\">doba 500 z\u0142  (3500 z\u0142)<\/td>\n<\/tr>\n<tr class=\"row-18\">\n\t<td class=\"column-1\">25.07 - 01.08  (7 dni)<\/td><td class=\"column-2\">doba 530 z\u0142  (3710 z\u0142)<\/td>\n<\/tr>\n<tr class=\"row-19\">\n\t<td class=\"column-1\">26.07 - 02.08  (7 dni)<\/td><td class=\"column-2\">doba 530 z\u0142  (3710 z\u0142)<\/td>\n<\/tr>\n<tr class=\"row-20\">\n\t<td class=\"column-1\"><strong>SIERPIE\u0143 2026 <\/strong><\/td><td class=\"column-2\"><strong>PROMOCJA<strong><\/td>\n<\/tr>\n<tr class=\"row-21\">\n\t<td class=\"column-1\">Cena za 5 os\u00f3b <\/td><td class=\"column-2\">Cena za 5 os\u00f3b<\/td>\n<\/tr>\n<tr class=\"row-22\">\n\t<td class=\"column-1\">31.07 - 07.08  (7 dni)<\/td><td class=\"column-2\">doba 500 z\u0142  (3500 z\u0142)<\/td>\n<\/tr>\n<tr class=\"row-23\">\n\t<td class=\"column-1\">01.08 - 08.08  (7 dni)<\/td><td class=\"column-2\">doba 530 z\u0142  (3710 z\u0142)<\/td>\n<\/tr>\n<tr class=\"row-24\">\n\t<td class=\"column-1\">02.08 - 09.08  (7 dni)<\/td><td class=\"column-2\">doba 530 z\u0142  (3710 z\u0142)<\/td>\n<\/tr>\n<tr class=\"row-25\">\n\t<td class=\"column-1\"><\/td><td class=\"column-2\"><\/td>\n<\/tr>\n<tr class=\"row-26\">\n\t<td class=\"column-1\">09.08 - 16.08  (7 dni)<\/td><td class=\"column-2\">doba 530 z\u0142  (3710 z\u0142)<\/td>\n<\/tr>\n<tr class=\"row-27\">\n\t<td class=\"column-1\">14.08 - 21.08  (7 dni)<\/td><td class=\"column-2\">doba 430 z\u0142  (3010 z\u0142)<\/td>\n<\/tr>\n<tr class=\"row-28\">\n\t<td class=\"column-1\">15.08 - 22.08  (7 dni)<\/td><td class=\"column-2\">doba 450 z\u0142  (3150 z\u0142)<\/td>\n<\/tr>\n<tr class=\"row-29\">\n\t<td class=\"column-1\">16.08 - 23.08  (7 dni)<\/td><td class=\"column-2\">doba 430 z\u0142  (3010 z\u0142)<\/td>\n<\/tr>\n<tr class=\"row-30\">\n\t<td class=\"column-1\">18.08 - 24.08  (6 dni)<\/td><td class=\"column-2\">doba 430 z\u0142  (2580 z\u0142)<\/td>\n<\/tr>\n<tr class=\"row-31\">\n\t<td class=\"column-1\">20.08 - 25.08 (5 dni)<\/td><td class=\"column-2\">doba 280 z\u0142 (1750 z\u0142) <\/td>\n<\/tr>\n<tr class=\"row-32\">\n\t<td class=\"column-1\">21.08 - 28.08  (7 dni)<\/td><td class=\"column-2\">doba 280 z\u0142  (1960 z\u0142)<\/td>\n<\/tr>\n<tr class=\"row-33\">\n\t<td class=\"column-1\">22.08 - 29.08  (7 dni)<\/td><td class=\"column-2\">doba 280 z\u0142  (1960 z\u0142)<\/td>\n<\/tr>\n<tr class=\"row-34\">\n\t<td class=\"column-1\">23.08 - 30.08  (7 dni)<\/td><td class=\"column-2\">doba 280 z\u0142  (1960 z\u0142)<\/td>\n<\/tr>\n<tr class=\"row-35\">\n\t<td class=\"column-1\">25.08 - 30.08  (5 dni)<\/td><td class=\"column-2\">doba 280 z\u0142  (1400 z\u0142)<\/td>\n<\/tr>\n<\/tbody>\n<\/table>\n<!-- #tablepress-1 from cache --><\/div>\n\t\t\t\t\t\t<\/div>\n\t\t\t\t<\/div>\n\t\t\t\t<section class=\"elementor-section elementor-inner-section elementor-element elementor-element-2ed991b elementor-section-boxed elementor-section-height-default elementor-section-height-default\" data-id=\"2ed991b\" data-element_type=\"section\">\n\t\t\t\t\t\t<div class=\"elementor-container elementor-column-gap-default\">\n\t\t\t\t\t<div class=\"elementor-column elementor-col-50 elementor-inner-column elementor-element elementor-element-666ec1b\" data-id=\"666ec1b\" data-element_type=\"column\">\n\t\t\t<div class=\"elementor-widget-wrap elementor-element-populated\">\n\t\t\t\t\t\t<div class=\"elementor-element elementor-element-17cfe75 elementor-widget elementor-widget-text-editor\" data-id=\"17cfe75\" data-element_type=\"widget\" data-widget_type=\"text-editor.default\">\n\t\t\t\t<div class=\"elementor-widget-container\">\n\t\t\t\t\t\t\t\t\t<ul>\n<li><b>Podane ceny dotycz\u0105 5 os\u00f3b<\/b><\/li>\n<li><b>Pobyty 5 , 7 , 10 , 14 dniowe&nbsp; &nbsp; &nbsp; &nbsp; &nbsp; &nbsp; &nbsp;&nbsp;<\/b><\/li>\n<li><b>ka\u017cda dodatkowa osoba p\u0142atna<\/b><\/li>\n<li><strong>Dodatkowa osoba 30 z\u0142\/doba Czerwiec<\/strong><\/li>\n<li><strong>Dodatkowa osoba 50 z\u0142\/doba Lipiec&nbsp;<\/strong><\/li>\n<li><strong>Dodatkowa osoba 50 z\u0142\/doba Sierpie\u0144&nbsp;<\/strong><\/li>\n<\/ul>\t\t\t\t\t\t\t\t<\/div>\n\t\t\t\t<\/div>\n\t\t\t\t\t<\/div>\n\t\t<\/div>\n\t\t\t\t<div class=\"elementor-column elementor-col-50 elementor-inner-column elementor-element elementor-element-718dabb\" data-id=\"718dabb\" data-element_type=\"column\">\n\t\t\t<div class=\"elementor-widget-wrap elementor-element-populated\">\n\t\t\t\t\t\t<div class=\"elementor-element elementor-element-abc029f elementor-widget elementor-widget-text-editor\" data-id=\"abc029f\" data-element_type=\"widget\" data-widget_type=\"text-editor.default\">\n\t\t\t\t<div class=\"elementor-widget-container\">\n\t\t\t\t\t\t\t\t\t<ul><li><strong style=\"font-size: 15px;\">Pobyty dla rodzin z dzie\u0107mi<\/strong><\/li><li><strong>Animacje\u00a0 w cenie pobytu<\/strong><\/li><li><strong>Wyceny &#8211; zak\u0142adka kontakt<\/strong><\/li><li><strong>O\u015brodek czynny\u00a0 01.06 &#8211; 31.08.2026<\/strong><\/li><li><strong>Tel. +48 608 012 123 godz. 10-20<\/strong><\/li><\/ul>\t\t\t\t\t\t\t\t<\/div>\n\t\t\t\t<\/div>\n\t\t\t\t\t<\/div>\n\t\t<\/div>\n\t\t\t\t\t<\/div>\n\t\t<\/section>\n\t\t\t\t<div class=\"elementor-element elementor-element-8a49cb0 elementor-widget elementor-widget-spacer\" data-id=\"8a49cb0\" data-element_type=\"widget\" data-widget_type=\"spacer.default\">\n\t\t\t\t<div class=\"elementor-widget-container\">\n\t\t\t\t\t\t\t<div class=\"elementor-spacer\">\n\t\t\t<div class=\"elementor-spacer-inner\"><\/div>\n\t\t<\/div>\n\t\t\t\t\t\t<\/div>\n\t\t\t\t<\/div>\n\t\t\t\t<div class=\"elementor-element elementor-element-8a4310a elementor-widget elementor-widget-shortcode\" data-id=\"8a4310a\" data-element_type=\"widget\" data-widget_type=\"shortcode.default\">\n\t\t\t\t<div class=\"elementor-widget-container\">\n\t\t\t\t\t\t\t<div class=\"elementor-shortcode\">\n<table id=\"tablepress-2\" class=\"tablepress tablepress-id-2 tbody-has-connected-cells\">\n<tbody class=\"row-striping row-hover\">\n<tr class=\"row-1\">\n\t<td colspan=\"2\" class=\"column-1\"><strong>ZUS\u00c4TZLICHE GEB\u00dcHREN<\/strong><\/td>\n<\/tr>\n<tr class=\"row-2\">\n\t<td class=\"column-1\">Elektrizit\u00e4t <br \/>\n(cena mo\u017ce ulec zmianie na dzie\u0144 pobytu )<\/td><td class=\"column-2\">2,5z\u0142.\/kWh <\/td>\n<\/tr>\n<tr class=\"row-3\">\n\t<td class=\"column-1\">Op\u0142ata serwisowa<\/td><td class=\"column-2\">200 z\u0142<\/td>\n<\/tr>\n<tr class=\"row-4\">\n\t<td class=\"column-1\"><\/td><td class=\"column-2\"><\/td>\n<\/tr>\n<tr class=\"row-5\">\n\t<td class=\"column-1\">Kurtaxe<\/td><td class=\"column-2\">nach den aktuellen Tarifen der Gemeinde Ko\u0142obrzeg<\/td>\n<\/tr>\n<tr class=\"row-6\">\n\t<td class=\"column-1\">Es gibt einen Parkplatz f\u00fcr 1 Ferienhaus<\/td><td class=\"column-2\">drugie auto 30 z\u0142.\/doba,<br \/>\ndrittes Auto PLN 40 \/ Tag<\/td>\n<\/tr>\n<tr class=\"row-7\">\n\t<td class=\"column-1\">Wir berechnen eine Kaution f\u00fcr ein Haus in H\u00f6he von<\/td><td class=\"column-2\">200 PLN bei der Ankunft<\/td>\n<\/tr>\n<tr class=\"row-8\">\n\t<td colspan=\"2\" class=\"column-1\"><strong>ZUS\u00c4TZLICHE GEB\u00dcHREN AUF ANFRAGE<\/strong><\/td>\n<\/tr>\n<tr class=\"row-9\">\n\t<td class=\"column-1\">Zugang zu einer Waschmaschine im Resort<\/td><td class=\"column-2\">20 z\u0142\/1 pranie<\/td>\n<\/tr>\n<tr class=\"row-10\">\n\t<td class=\"column-1\">Zugang zu einem elektrischen Trockner im Resort<\/td><td class=\"column-2\">20 z\u0142\/1 suszenie<\/td>\n<\/tr>\n<tr class=\"row-11\">\n\t<td class=\"column-1\">ein Babybett ausleihen<\/td><td class=\"column-2\">PLN 30 \/ Woche. nach vorheriger Reservierung<\/td>\n<\/tr>\n<tr class=\"row-12\">\n\t<td class=\"column-1\">Babywanne<\/td><td class=\"column-2\">PLN 30 \/ Woche. nach vorheriger Reservierung<br \/>\n<\/td>\n<\/tr>\n<tr class=\"row-13\">\n\t<td class=\"column-1\">Babyhochstuhl zum F\u00fcttern\t<\/td><td class=\"column-2\">PLN 30 \/ Woche. nach vorheriger Reservierung<br \/>\n<\/td>\n<\/tr>\n<tr class=\"row-14\">\n\t<td class=\"column-1\">dodatkowy komplet po\u015bcieli\t<\/td><td class=\"column-2\">30 z\u0142<\/td>\n<\/tr>\n<tr class=\"row-15\">\n\t<td class=\"column-1\">wymiana zaplamionej przez go\u015bci ko\u0142dry lub poduszki x 1 sztuka\t<\/td><td class=\"column-2\">50 z\u0142<\/td>\n<\/tr>\n<tr class=\"row-16\">\n\t<td class=\"column-1\">wymiana zaplamionej przez go\u015bci po\u015bcieli ,podk\u0142adu, prze\u015bcierad\u0142a   x 1 sztuka\t<\/td><td class=\"column-2\">30 z\u0142<\/td>\n<\/tr>\n<tr class=\"row-17\">\n\t<td class=\"column-1\"> 1 Satz Handt\u00fccher (gro\u00df + klein)<\/td><td class=\"column-2\">16 z\u0142<\/td>\n<\/tr>\n<tr class=\"row-18\">\n\t<td class=\"column-1\">die Kosten f\u00fcr die Anmietung eines Gasgrills 1h<\/td><td class=\"column-2\">30 z\u0142<\/td>\n<\/tr>\n<\/tbody>\n<\/table>\n<!-- #tablepress-2 from cache --><\/div>\n\t\t\t\t\t\t<\/div>\n\t\t\t\t<\/div>\n\t\t\t\t<div class=\"elementor-element elementor-element-40baf46 elementor-widget elementor-widget-spacer\" data-id=\"40baf46\" data-element_type=\"widget\" data-widget_type=\"spacer.default\">\n\t\t\t\t<div class=\"elementor-widget-container\">\n\t\t\t\t\t\t\t<div class=\"elementor-spacer\">\n\t\t\t<div class=\"elementor-spacer-inner\"><\/div>\n\t\t<\/div>\n\t\t\t\t\t\t<\/div>\n\t\t\t\t<\/div>\n\t\t\t\t\t<\/div>\n\t\t<\/div>\n\t\t\t\t\t<\/div>\n\t\t<\/section>\n\t\t\t\t<section class=\"elementor-section elementor-top-section elementor-element elementor-element-1faa4b9 elementor-section-boxed elementor-section-height-default elementor-section-height-default\" data-id=\"1faa4b9\" data-element_type=\"section\">\n\t\t\t\t\t\t<div class=\"elementor-container elementor-column-gap-default\">\n\t\t\t\t\t<div class=\"elementor-column elementor-col-100 elementor-top-column elementor-element elementor-element-d4e5ea9\" data-id=\"d4e5ea9\" data-element_type=\"column\">\n\t\t\t<div class=\"elementor-widget-wrap elementor-element-populated\">\n\t\t\t\t\t\t<div class=\"elementor-element elementor-element-833445c elementor-widget elementor-widget-spacer\" data-id=\"833445c\" data-element_type=\"widget\" data-widget_type=\"spacer.default\">\n\t\t\t\t<div class=\"elementor-widget-container\">\n\t\t\t\t\t\t\t<div class=\"elementor-spacer\">\n\t\t\t<div class=\"elementor-spacer-inner\"><\/div>\n\t\t<\/div>\n\t\t\t\t\t\t<\/div>\n\t\t\t\t<\/div>\n\t\t\t\t\t<\/div>\n\t\t<\/div>\n\t\t\t\t\t<\/div>\n\t\t<\/section>\n\t\t\t\t<section class=\"elementor-section elementor-top-section elementor-element elementor-element-a03d793 elementor-section-boxed elementor-section-height-default elementor-section-height-default\" data-id=\"a03d793\" data-element_type=\"section\">\n\t\t\t\t\t\t<div class=\"elementor-container elementor-column-gap-default\">\n\t\t\t\t\t<div class=\"elementor-column elementor-col-66 elementor-top-column elementor-element elementor-element-a841c40\" data-id=\"a841c40\" data-element_type=\"column\">\n\t\t\t<div class=\"elementor-widget-wrap elementor-element-populated\">\n\t\t\t\t\t\t<div class=\"elementor-element elementor-element-9fce33f elementor-widget elementor-widget-heading\" data-id=\"9fce33f\" data-element_type=\"widget\" data-widget_type=\"heading.default\">\n\t\t\t\t<div class=\"elementor-widget-container\">\n\t\t\t\t\t<h2 class=\"elementor-heading-title elementor-size-default\">DER PERFEKTE URLAUB WARTET<\/h2>\t\t\t\t<\/div>\n\t\t\t\t<\/div>\n\t\t\t\t<div class=\"elementor-element elementor-element-ac63ae5 elementor-widget elementor-widget-spacer\" data-id=\"ac63ae5\" data-element_type=\"widget\" data-widget_type=\"spacer.default\">\n\t\t\t\t<div class=\"elementor-widget-container\">\n\t\t\t\t\t\t\t<div class=\"elementor-spacer\">\n\t\t\t<div class=\"elementor-spacer-inner\"><\/div>\n\t\t<\/div>\n\t\t\t\t\t\t<\/div>\n\t\t\t\t<\/div>\n\t\t\t\t\t<\/div>\n\t\t<\/div>\n\t\t\t\t<div class=\"elementor-column elementor-col-33 elementor-top-column elementor-element elementor-element-cf681d8\" data-id=\"cf681d8\" data-element_type=\"column\">\n\t\t\t<div class=\"elementor-widget-wrap elementor-element-populated\">\n\t\t\t\t\t\t<div class=\"elementor-element elementor-element-b745773 elementor-align-justify elementor-mobile-align-center elementor-widget elementor-widget-button\" data-id=\"b745773\" data-element_type=\"widget\" data-widget_type=\"button.default\">\n\t\t\t\t<div class=\"elementor-widget-container\">\n\t\t\t\t\t\t\t\t\t<div class=\"elementor-button-wrapper\">\n\t\t\t\t\t<a class=\"elementor-button elementor-button-link elementor-size-sm\" href=\"https:\/\/www.oliwiadzwirzyno.pl\/de\/kontakt\/\">\n\t\t\t\t\t\t<span class=\"elementor-button-content-wrapper\">\n\t\t\t\t\t\t\t\t\t<span class=\"elementor-button-text\">BUCHEN SIE JETZT<\/span>\n\t\t\t\t\t<\/span>\n\t\t\t\t\t<\/a>\n\t\t\t\t<\/div>\n\t\t\t\t\t\t\t\t<\/div>\n\t\t\t\t<\/div>\n\t\t\t\t<div class=\"elementor-element elementor-element-c510f7f elementor-widget elementor-widget-spacer\" data-id=\"c510f7f\" data-element_type=\"widget\" data-widget_type=\"spacer.default\">\n\t\t\t\t<div class=\"elementor-widget-container\">\n\t\t\t\t\t\t\t<div class=\"elementor-spacer\">\n\t\t\t<div class=\"elementor-spacer-inner\"><\/div>\n\t\t<\/div>\n\t\t\t\t\t\t<\/div>\n\t\t\t\t<\/div>\n\t\t\t\t\t<\/div>\n\t\t<\/div>\n\t\t\t\t\t<\/div>\n\t\t<\/section>\n\t\t\t\t<\/div>","protected":false},"excerpt":{"rendered":"<p>Cennik 2026 Animacje dla Dzieciw Cenie Pobytu Wycen\u0119 pobytu i dost\u0119pny termin przesy\u0142amy na maila Prosz\u0119 klikn\u0105\u0107 w zak\u0142adka kontakt Aktualne Dost\u0119pne Terminy Podane ceny dotycz\u0105 5 os\u00f3b Pobyty 5 , 7 , 10 , 14 dniowe&nbsp; &nbsp; &nbsp; &nbsp; &nbsp; &nbsp; &nbsp;&nbsp; ka\u017cda dodatkowa osoba p\u0142atna Dodatkowa osoba 30 z\u0142\/doba Czerwiec Dodatkowa osoba 50 &hellip;<\/p>\n<p class=\"read-more\"> <a class=\"\" href=\"https:\/\/www.oliwiadzwirzyno.pl\/de\/cennik\/\"> <span class=\"screen-reader-text\">PREISLISTE<\/span> Weiterlesen &raquo;<\/a><\/p>","protected":false},"author":1,"featured_media":0,"parent":0,"menu_order":0,"comment_status":"closed","ping_status":"closed","template":"","meta":{"footnotes":""},"class_list":["post-520","page","type-page","status-publish","hentry"],"yoast_head":"<!-- This site is optimized with the Yoast SEO plugin v26.7 - https:\/\/yoast.com\/wordpress\/plugins\/seo\/ -->\n<title>CENNIK - O\u015brodek Wypoczynkowy Oliwia | D\u017awirzyno<\/title>\n<meta name=\"description\" content=\"Cennik o\u015brodka wypoczynkowego &quot;Oliwia&quot; w D\u017awirzynie. Super wakacje nad morzem w dobrej cenie. Sprawdz nasz cennik.\" \/>\n<meta name=\"robots\" content=\"index, follow, max-snippet:-1, max-image-preview:large, max-video-preview:-1\" \/>\n<link rel=\"canonical\" href=\"https:\/\/www.oliwiadzwirzyno.pl\/de\/cennik\/\" \/>\n<meta property=\"og:locale\" content=\"de_DE\" \/>\n<meta property=\"og:type\" content=\"article\" \/>\n<meta property=\"og:title\" content=\"CENNIK - O\u015brodek Wypoczynkowy Oliwia | D\u017awirzyno\" \/>\n<meta property=\"og:description\" content=\"Cennik o\u015brodka wypoczynkowego &quot;Oliwia&quot; w D\u017awirzynie. Super wakacje nad morzem w dobrej cenie. Sprawdz nasz cennik.\" \/>\n<meta property=\"og:url\" content=\"https:\/\/www.oliwiadzwirzyno.pl\/de\/cennik\/\" \/>\n<meta property=\"og:site_name\" content=\"O\u015brodek Wypoczynkowy Oliwia\" \/>\n<meta property=\"article:modified_time\" content=\"2026-04-11T20:56:55+00:00\" \/>\n<meta name=\"twitter:card\" content=\"summary_large_image\" \/>\n<meta name=\"twitter:label1\" content=\"Gesch\u00e4tzte Lesezeit\" \/>\n\t<meta name=\"twitter:data1\" content=\"1\u00a0Minute\" \/>\n<script type=\"application\/ld+json\" class=\"yoast-schema-graph\">{\"@context\":\"https:\/\/schema.org\",\"@graph\":[{\"@type\":\"WebPage\",\"@id\":\"https:\/\/www.oliwiadzwirzyno.pl\/cennik\/\",\"url\":\"https:\/\/www.oliwiadzwirzyno.pl\/cennik\/\",\"name\":\"CENNIK - O\u015brodek Wypoczynkowy Oliwia | D\u017awirzyno\",\"isPartOf\":{\"@id\":\"https:\/\/www.oliwiadzwirzyno.pl\/#website\"},\"datePublished\":\"2020-10-28T20:15:47+00:00\",\"dateModified\":\"2026-04-11T20:56:55+00:00\",\"description\":\"Cennik o\u015brodka wypoczynkowego \\\"Oliwia\\\" w D\u017awirzynie. Super wakacje nad morzem w dobrej cenie. Sprawdz nasz cennik.\",\"breadcrumb\":{\"@id\":\"https:\/\/www.oliwiadzwirzyno.pl\/cennik\/#breadcrumb\"},\"inLanguage\":\"de\",\"potentialAction\":[{\"@type\":\"ReadAction\",\"target\":[\"https:\/\/www.oliwiadzwirzyno.pl\/cennik\/\"]}]},{\"@type\":\"BreadcrumbList\",\"@id\":\"https:\/\/www.oliwiadzwirzyno.pl\/cennik\/#breadcrumb\",\"itemListElement\":[{\"@type\":\"ListItem\",\"position\":1,\"name\":\"Strona g\u0142\u00f3wna\",\"item\":\"https:\/\/www.oliwiadzwirzyno.pl\/\"},{\"@type\":\"ListItem\",\"position\":2,\"name\":\"CENNIK\"}]},{\"@type\":\"WebSite\",\"@id\":\"https:\/\/www.oliwiadzwirzyno.pl\/#website\",\"url\":\"https:\/\/www.oliwiadzwirzyno.pl\/\",\"name\":\"O\u015brodek Wypoczynkowy Oliwia\",\"description\":\"- wakacje nad morzem\",\"potentialAction\":[{\"@type\":\"SearchAction\",\"target\":{\"@type\":\"EntryPoint\",\"urlTemplate\":\"https:\/\/www.oliwiadzwirzyno.pl\/?s={search_term_string}\"},\"query-input\":{\"@type\":\"PropertyValueSpecification\",\"valueRequired\":true,\"valueName\":\"search_term_string\"}}],\"inLanguage\":\"de\"}]}<\/script>\n<!-- \/ Yoast SEO plugin. -->","yoast_head_json":{"title":"CENNIK - O\u015brodek Wypoczynkowy Oliwia | D\u017awirzyno","description":"Cennik o\u015brodka wypoczynkowego \"Oliwia\" w D\u017awirzynie. Super wakacje nad morzem w dobrej cenie. Sprawdz nasz cennik.","robots":{"index":"index","follow":"follow","max-snippet":"max-snippet:-1","max-image-preview":"max-image-preview:large","max-video-preview":"max-video-preview:-1"},"canonical":"https:\/\/www.oliwiadzwirzyno.pl\/de\/cennik\/","og_locale":"de_DE","og_type":"article","og_title":"CENNIK - O\u015brodek Wypoczynkowy Oliwia | D\u017awirzyno","og_description":"Cennik o\u015brodka wypoczynkowego \"Oliwia\" w D\u017awirzynie. Super wakacje nad morzem w dobrej cenie. Sprawdz nasz cennik.","og_url":"https:\/\/www.oliwiadzwirzyno.pl\/de\/cennik\/","og_site_name":"O\u015brodek Wypoczynkowy Oliwia","article_modified_time":"2026-04-11T20:56:55+00:00","twitter_card":"summary_large_image","twitter_misc":{"Gesch\u00e4tzte Lesezeit":"1\u00a0Minute"},"schema":{"@context":"https:\/\/schema.org","@graph":[{"@type":"WebPage","@id":"https:\/\/www.oliwiadzwirzyno.pl\/cennik\/","url":"https:\/\/www.oliwiadzwirzyno.pl\/cennik\/","name":"CENNIK - O\u015brodek Wypoczynkowy Oliwia | D\u017awirzyno","isPartOf":{"@id":"https:\/\/www.oliwiadzwirzyno.pl\/#website"},"datePublished":"2020-10-28T20:15:47+00:00","dateModified":"2026-04-11T20:56:55+00:00","description":"Cennik o\u015brodka wypoczynkowego \"Oliwia\" w D\u017awirzynie. Super wakacje nad morzem w dobrej cenie. Sprawdz nasz cennik.","breadcrumb":{"@id":"https:\/\/www.oliwiadzwirzyno.pl\/cennik\/#breadcrumb"},"inLanguage":"de","potentialAction":[{"@type":"ReadAction","target":["https:\/\/www.oliwiadzwirzyno.pl\/cennik\/"]}]},{"@type":"BreadcrumbList","@id":"https:\/\/www.oliwiadzwirzyno.pl\/cennik\/#breadcrumb","itemListElement":[{"@type":"ListItem","position":1,"name":"Strona g\u0142\u00f3wna","item":"https:\/\/www.oliwiadzwirzyno.pl\/"},{"@type":"ListItem","position":2,"name":"CENNIK"}]},{"@type":"WebSite","@id":"https:\/\/www.oliwiadzwirzyno.pl\/#website","url":"https:\/\/www.oliwiadzwirzyno.pl\/","name":"O\u015brodek Wypoczynkowy Oliwia","description":"- wakacje nad morzem","potentialAction":[{"@type":"SearchAction","target":{"@type":"EntryPoint","urlTemplate":"https:\/\/www.oliwiadzwirzyno.pl\/?s={search_term_string}"},"query-input":{"@type":"PropertyValueSpecification","valueRequired":true,"valueName":"search_term_string"}}],"inLanguage":"de"}]}},"_links":{"self":[{"href":"https:\/\/www.oliwiadzwirzyno.pl\/de\/wp-json\/wp\/v2\/pages\/520","targetHints":{"allow":["GET"]}}],"collection":[{"href":"https:\/\/www.oliwiadzwirzyno.pl\/de\/wp-json\/wp\/v2\/pages"}],"about":[{"href":"https:\/\/www.oliwiadzwirzyno.pl\/de\/wp-json\/wp\/v2\/types\/page"}],"author":[{"embeddable":true,"href":"https:\/\/www.oliwiadzwirzyno.pl\/de\/wp-json\/wp\/v2\/users\/1"}],"replies":[{"embeddable":true,"href":"https:\/\/www.oliwiadzwirzyno.pl\/de\/wp-json\/wp\/v2\/comments?post=520"}],"version-history":[{"count":276,"href":"https:\/\/www.oliwiadzwirzyno.pl\/de\/wp-json\/wp\/v2\/pages\/520\/revisions"}],"predecessor-version":[{"id":2477,"href":"https:\/\/www.oliwiadzwirzyno.pl\/de\/wp-json\/wp\/v2\/pages\/520\/revisions\/2477"}],"wp:attachment":[{"href":"https:\/\/www.oliwiadzwirzyno.pl\/de\/wp-json\/wp\/v2\/media?parent=520"}],"curies":[{"name":"wp","href":"https:\/\/api.w.org\/{rel}","templated":true}]}}