{"id":797,"date":"2020-12-14T14:26:24","date_gmt":"2020-12-14T13:26:24","guid":{"rendered":"http:\/\/www.oliwiadzwirzyno.dev.cc\/?page_id=797"},"modified":"2026-03-16T13:31:24","modified_gmt":"2026-03-16T12:31:24","slug":"regulamin-osrodka","status":"publish","type":"page","link":"https:\/\/www.oliwiadzwirzyno.pl\/de\/regulamin-osrodka\/","title":{"rendered":"Bestimmungen des Zentrums"},"content":{"rendered":"<div data-elementor-type=\"wp-page\" data-elementor-id=\"797\" class=\"elementor elementor-797\">\n\t\t\t\t\t\t<section class=\"elementor-section elementor-top-section elementor-element elementor-element-23ea20b elementor-section-content-middle elementor-section-boxed elementor-section-height-default elementor-section-height-default\" data-id=\"23ea20b\" data-element_type=\"section\" data-settings=\"{&quot;background_background&quot;:&quot;classic&quot;}\">\n\t\t\t\t\t\t\t<div class=\"elementor-background-overlay\"><\/div>\n\t\t\t\t\t\t\t<div class=\"elementor-container elementor-column-gap-no\">\n\t\t\t\t\t<div class=\"elementor-column elementor-col-100 elementor-top-column elementor-element elementor-element-2590dcc\" data-id=\"2590dcc\" data-element_type=\"column\">\n\t\t\t<div class=\"elementor-widget-wrap elementor-element-populated\">\n\t\t\t\t\t\t<div class=\"elementor-element elementor-element-118e7e2 elementor-widget elementor-widget-heading\" data-id=\"118e7e2\" data-element_type=\"widget\" data-widget_type=\"heading.default\">\n\t\t\t\t<div class=\"elementor-widget-container\">\n\t\t\t\t\t<h1 class=\"elementor-heading-title elementor-size-default\">VORSCHRIFTEN<\/h1>\t\t\t\t<\/div>\n\t\t\t\t<\/div>\n\t\t\t\t\t<\/div>\n\t\t<\/div>\n\t\t\t\t\t<\/div>\n\t\t<\/section>\n\t\t\t\t<section class=\"elementor-section elementor-top-section elementor-element elementor-element-9171cd4 elementor-section-boxed elementor-section-height-default elementor-section-height-default\" data-id=\"9171cd4\" data-element_type=\"section\">\n\t\t\t\t\t\t<div class=\"elementor-container elementor-column-gap-default\">\n\t\t\t\t\t<div class=\"elementor-column elementor-col-100 elementor-top-column elementor-element elementor-element-793d31f\" data-id=\"793d31f\" data-element_type=\"column\">\n\t\t\t<div class=\"elementor-widget-wrap elementor-element-populated\">\n\t\t\t\t\t\t<div class=\"elementor-element elementor-element-2c82398 elementor-widget elementor-widget-spacer\" data-id=\"2c82398\" data-element_type=\"widget\" data-widget_type=\"spacer.default\">\n\t\t\t\t<div class=\"elementor-widget-container\">\n\t\t\t\t\t\t\t<div class=\"elementor-spacer\">\n\t\t\t<div class=\"elementor-spacer-inner\"><\/div>\n\t\t<\/div>\n\t\t\t\t\t\t<\/div>\n\t\t\t\t<\/div>\n\t\t\t\t<div class=\"elementor-element elementor-element-adb8fdf elementor-widget elementor-widget-text-editor\" data-id=\"adb8fdf\" data-element_type=\"widget\" data-widget_type=\"text-editor.default\">\n\t\t\t\t<div class=\"elementor-widget-container\">\n\t\t\t\t\t\t\t\t\t<p><strong>W dniu przyjazdu pobieramy op\u0142at\u0119 serwisow\u0105 w kwocie 200 z\u0142<br \/>Pobieramy op\u0142at\u0119 za zu\u017cycie energii elektrycznej 2,5 z\u0142 \/1 kWh. Rozliczenie poboru pr\u0105du w domku nast\u0119puje po zako\u0144czeniu pobytu.<br \/>Przed przekazaniem domku pobieramy kaucje za domek w wysoko\u015bci 200z\u0142. Kaucj\u0119 zwracamy w dniu wyjazdu<\/strong><\/p><ul><li>1. ALLGEMEINE BESTIMMUNGEN<\/li><\/ul><ol><li>Die folgende Ordnung ist ein integrales Teil des Aufenthaltsvertrages zwischen dem Kunden und dem Feriendorf Oliwia Jacek Andrzejewski, Wyzwolenia Stra\u00dfe 22 Kolberger Deep, mit Sitz in Kargowska Stra\u00dfe 1, Posen, Steueridentifikationsnummer 778 002 33 15 abgeschlossenen Vertrages.<\/li><\/ol><ul><li>2. BUCHUNG<\/li><\/ul><ol><li class=\"translation-block\">Indem Kunden eine Buchung in dem Ressort machen, erkl\u00e4ren sie hiermit, dass sie sich mit der Ordnung bekannt gemacht haben und deren Bestimmungen in vollem Umfang akzeptieren. Die Ordnung ist auf der Webseite https:\/\/oliwiadzwirzyno.pl\/regulamin-pl ver\u00f6ffentlicht worden, dar\u00fcber hinaus wird sie jedem Kunden bei der Buchung zur Verf\u00fcgung gestellt.<\/li><li>Nachdem der Kunde schon seine Buchung vollendet hat, ist er verpflichtet, 30% Anzahlung innerhalb von 3 Tagen auf die von den Eigent\u00fcmern angegebene Bankrechnung zu machen. Falls die Anzahlung nicht vollbracht wird, soll die Buchung storniert werden.<\/li><li>Den ausstehenden Rechnungsbetrag wird der Kunde sp\u00e4testens am Tag der Anreise zahlen, bevor er Schl\u00fcsse zu dem Bungalow bekommt. Die Zahlung kann entweder in bar oder mit Karte im B\u00fcro des Feriendorfes Oliwia gemacht werden.<\/li><\/ol><ul><li>3. STORNOBEDINGUNGEN<\/li><\/ul><ol><li>Sollte die Buchung storniert werden, geben wir weder die Anzahlung, noch den ganzen f\u00fcr den Aufenthalt zustehenden Betrag zur\u00fcck. Dies bezieht sich auf die Situation, wenn der Kunde den erkl\u00e4rten Aufenthaltstermin nicht h\u00e4lt, auf den Aufenthalt verzichtet oder den Haustierverbot verletzt. Eine Online-Buchung ist hier aber die Ausnahme, in solchem Falle kann man die Buchung bis zu 8 Tagen vor dem geplanten Aufenthalt stornieren. Dann wird dem Kunden 100% des gezahlten Betrages zur\u00fcckgegeben. Die stornierbare Option kostet aber 300 PLN und dieser Betrag wird dem Kunden nicht zur\u00fcckerstattet.<\/li><li>Den R\u00fccktritt vom Vertrag innerhalb von 14 Tagen darf der Kunde in diesem Falle nicht verlangen.<\/li><\/ol><ul><li>4. ZUSATZGEB\u00dcHREN<\/li><\/ul><ol><li>Bei Anreise und Check-in wird die r\u00fcckzahlbare Kaution in der H\u00f6he von 200 PLN \/ Bungalow eingezogen.<\/li><li class=\"translation-block\">Bei der Buchung wird jedes Mal eine Geb\u00fchr berechnet, die sich auf Zimmerputzen nach der Abreise des Gastes bezieht und in dem Unterkapitel \u201eZUSATZGEB\u00dcHREN\u201c auf der Webseite des Dienstleistungsanbieters bezeichnet wird (https:\/\/oliwiadzwirzyno.pl\/oplaty-dodatkowe).<\/li><li>Bei der Buchung wird auch eine Zusatzgeb\u00fchr f\u00fcr das zweite im Gel\u00e4nde des Objektes parkierende Auto \u2013 jedem Bungalow steht nur ein Parkplatz zu. Zus\u00e4tzlich werden auch folgende Dienstleistungen bezahlt: Kinderbettchen, Kinderhochstuhl zum Futtern, Kinderbadewanne und Bade-Handtuch-Set. Die Preise sind im Kapitel \u201eZUSATZGEB\u00dcHREN\u201c auf der Webseite des Dienstleistungsanbieters bezeichnet (https:\/\/oliwiadzwirzyno.pl\/oplaty-dodatkowe).<\/li><li>W chwili zameldowania pobierana jest op\u0142ata serwisowa 200 z\u0142\u00a0<\/li><li>Bei dem Check-out aus dem Ressort ziehen wir eine Geb\u00fchr f\u00fcr Stromnutzung in der H\u00f6he von 1,00 PLN \/1 kWh ein, in dem Unterkapitel \u201eZUSATZGEB\u00dcHREN\u201c auf der Webseite des Dienstleistungsanbieters bezeichnet (https:\/\/oliwiadzwirzyno.pl\/oplaty-dodatkowe). <a href=\"https:\/\/www.oliwiadzwirzyno.pl\/de\/cennik\/\">https:\/\/www.oliwiadzwirzyno.pl\/cennik\/<\/a><\/li><\/ol><div>\u00a0 \u00a0 \u00a0 \u00a0\u00a0<\/div><ul><li><span style=\"font-size: 15px;\">\u00a05\u00a0 POZOSTA\u0141E POSTANOWIENIA<\/span><\/li><\/ul><ol><li>Das Feriendorfpersonal steht Ihnen zu Diensten.<\/li><li>Dob\u0119 hotelow\u0105\u00a0 rozpoczynamy o godz. 16.00, ko\u0144czymy o godz. 10.00 Ka\u017cda godzina rozpocz\u0119ta od zako\u0144czenia pobytu po 10 godzinie koszt 100 z\u0142\u00a0<\/li><li>F\u00fcr Zwecke des Check-ins ist ein g\u00fcltiges Identifikationsdokument erforderlich (Personalausweis), welches dem Ressortwirt bei der Formalit\u00e4tsvollbringung dargestellt werden soll.<\/li><li>Um die Dienstleistungen unseres Ressorts nutzen zu d\u00fcrfen sollte man fr\u00fcher eine Buchung und eine Anzahlung in der H\u00f6he von 30% des Aufenthaltswertes machen, je nach den Buchungs- und Anzahlungsbedingungen.<\/li><li>Die \u00dcbergabe von dem Bungalow und den Schl\u00fcssen findet in der Anwesenheit des Ressortpersonals nach der Zahlung des f\u00fcr den Aufenthalt zustehenden Betrages zusammen mit der Kurtaxe statt.<\/li><li>Die Ressortdienstleistungen nutzenden G\u00e4ste verpflichten sich, diese Ordnung, Arbeitsschutz und Arbeitshygiene, den Brandschutz und in Ausnahmesituationen auch die Bitten des Ressortpersonals zu befolgen.<\/li><li>Jegliche Fehler w\u00e4hrend der Nutzung vom Bungalow oder vom Zimmer verursacht sollten auf dem Laufendem dem Ressortpersonal angemeldet werden.<\/li><li>Eventuelle Reklamationen wegen der Fehler in der Dienstleistungsqualit\u00e4t sollten unverz\u00fcglich dem Ressortwirt angemeldet werden. Wenn sie nach dem Verlassen des Objektes angemeldet werden, k\u00f6nnen sie nicht ber\u00fccksichtigt werden.<\/li><li>F\u00fcr besch\u00e4digte oder verlorene Sachen, die ihnen vom Objekt zur Verf\u00fcgung gestellt wurden, tragen die G\u00e4ste volle Haftung.<\/li><li>Aus Schuld der G\u00e4ste resultierende Sch\u00e4den werden vor Ort abgerechnet.<\/li><li>Das Feriendorf tr\u00e4gt keine Haftung f\u00fcr die in den Bungalows \/ Zimmern verlassenen Wertsachen und Geld. Daher bitten wir Sie, sich jederzeit zu vergewissern, ob all die Fenster und Fensterladen geschlossen, und die T\u00fcr verriegelt sind.<\/li><li><strong>Die Nachtruhe dauert von 22:30 Uhr bis zu 7:00 Uhr morgens.<\/strong><\/li><li><b>Die Stille und Ordnung verletzenden Personen k\u00f6nnen aus dem Oliwia Feriendorf entfernt werden, ohne jegliches Recht aus Entsch\u00e4digung.<\/b><\/li><li><b>Im Objekt ist das Folgende verboten:\u00a0<\/b><b style=\"font-style: inherit;\">Ruhest\u00f6rung, z.B. laute Musik ohne Zustimmung des Managements,\u00a0<\/b><b style=\"font-style: inherit;\">Das Verhalten der G\u00e4ste und der sie besuchenden Personen darf den Aufenthalt anderer Ressortkunden nicht st\u00f6ren. Das Management und die Mitarbeiter k\u00f6nnen solch einer Person weitere Dienstleistungserbringung verweigern,\u00a0<\/b><b style=\"font-style: inherit;\">Verhalten, dass allgemein als unanst\u00e4ndig bezeichnet wird.<\/b><\/li><li><b> Zastrzegamy sobie prawo do odmowy zakwaterowania osobom b\u0119d\u0105cym pod widocznym wp\u0142ywem alkoholu lub \u015brodk\u00f3w odurzaj\u0105cych, kt\u00f3re\u00a0 zachowuj\u0105 si\u0119 agresywnie, w spos\u00f3b powszechnie uznany za wulgarny.\u00a0<\/b>Die Bestimmungen dieser Ordnung verletzenden Personen werden zum Verlassen des Objektes ohne das Recht auf R\u00fcckgabe der Kosten verpflichtet.<\/li><li>Die im Objekt nicht angemeldeten Personen d\u00fcrfen sich hier bis zum 22:00 aufhalten.<\/li><li><strong>In unserem Ressort nehmen wir keine Haustiere an.<\/strong><\/li><li><strong>Der Mieter ist verpflichtet, die Kosten f\u00fcr Besch\u00e4digung des zum Feriendorf geh\u00f6renden Verm\u00f6gens zu decken, z.B. wenn er die Markise f\u00fcr die Nacht nicht schlie\u00dft oder das Ressort verl\u00e4sst, ohne fr\u00fcher den Bungalow vor eventuellen durch Sturm verursachten Sch\u00e4den gesichert zu haben.<\/strong><\/li><li><strong>Jede Ver\u00e4nderung der Personen- und Autoanzahl, die sich von den Vertragbestimmungen unterschiedet, sollte fr\u00fcher mit dem Feriendorf OLIWIA verabredet werden und unterliegt zus\u00e4tzlichen Geb\u00fchren.<\/strong><\/li><li>Autos d\u00fcrfen nur in den dazu bestimmten Pl\u00e4tzen geparkt werden. Parken auf dem Gr\u00fcngel\u00e4nde ist strengst verboten. Der Parkplatz ist unbewacht, f\u00fcr die Nacht gechlossen.<\/li><li>Der Gel\u00e4ndeeigent\u00fcmer tr\u00e4gt keine Haftung f\u00fcr die Kraftwagen oder das drin verlassene Verm\u00f6gen.<\/li><li>Wenn der Gast Schl\u00fcssel zum Bungalow \/ Zimmer verliert, ist er verpflichtet, 50 PLN Strafe zu zahlen.<\/li><li>Kinder und Jugendliche bis zum Alter von 18 Jahren d\u00fcrfen sich im Objekt nur in Obhut von Erwachsenen aufhalten.<\/li><li>F\u00fcr die von uns unabh\u00e4ngigen St\u00f6rungen, wie Unterbrechungen in der Bereitstellung von Wasser oder Strom haften wir nicht.<\/li><li>Im Gel\u00e4nde des Objektes gilt eine Geschwindigkeitsbegrenzung bis zu 20 km\/h und eine Fahrtrichtung.<\/li><li><strong>In den Bungalows darf man Fische nicht braten.<\/strong><\/li><li><strong>Na terenie naszego O\u015brodka zabrania si\u0119 u\u017cywania grilli w\u0119glowych oraz innych, nie b\u0119d\u0105cych w\u0142asno\u015bci\u0105 O.W. Oliwia. Istnieje mo\u017cliwo\u015b\u0107 wypo\u017cyczenia od nas grilli gazowych \u201e1\/h = 30z\u0142.\u201d<\/strong><\/li><li><strong>Einfahrt und Ausfahrt mit dem Auto ins Gel\u00e4nde des Objektes ist von 8:00 Uhr bis zu 21:00 Uhr erlaubt.<\/strong><\/li><li><strong>Der Check-in ist ab 16:00 Uhr, und der Check-out bis zu 10:00 Uhr m\u00f6glich.<\/strong><\/li><li><strong>P\u00f3\u017aniejsze zameldowanie i wcze<\/strong><strong style=\"font-size: 15px;\">\u015bniejsze wymeldowanie mo\u017cliwe za dodatkow\u0105 op\u0142at\u0105 200 z\u0142\u00a0<\/strong><\/li><li><strong>Wir rechnen Aufenthalte und Abreise aus dem Objekt zwischen 21:00 Uhr und 8:00 Uhr morgens nicht ab.<\/strong><\/li><li><strong>Man darf die Buchung an die Dritten ohne fr\u00fchige Zustimmung des Feriendorfes Oliwia nicht \u00fcbergeben.<\/strong><\/li><li>Man darf Elektroofen, welche zur Ausstattung des Bungalows nicht geh\u00f6ren, ohne Zustimmung des Eigent\u00fcmers nicht anschlie\u00dfen.<\/li><li>Putzen von Autos und anderen Kraftwagen ist im Gel\u00e4nde des Objektes verboten.<\/li><li><strong>Sortieren Sie und tragen Sie bitte den M\u00fcll zu den im Gel\u00e4nde des Objektes verf\u00fcgbaren Containern hinaus.<\/strong><\/li><li><strong>In den Bungalows und im ganzen Gel\u00e4nde des Objektes gilt ein totales Rauchverbot. Rauchen ist nur in den dazu speziell bestimmten Punkten erlaubt. Sollten Sie diese Ordnung verletzen, wird Ihre Rechnung mit den Dearomatisierungskosten (200 PLN) belastet [Art. 5 und 5a des Gesetzes aus dem 9. November 1995 \u00fcber den Gesundheitsschutz vor den Folgen des Tabakkonsums (Gesetzblatt aus 1996 Nr. 10, Pos. 55 mit Ver\u00e4nderungen).<\/strong><\/li><li>Das Feriendorf Oliwia tr\u00e4gt keine Haftung f\u00fcr Diebstahl oder Besch\u00e4digung von Kraftwagen und drin verlassenem Verm\u00f6gen, die sich im Gel\u00e4nde des RESSORTS befinden, resultierend aus anderen Gr\u00fcnden als mit Absicht, die durch Handlung der Ressortmitarbeiter verursacht wurden (\/deliktische Haftpflichtversicherung\/).<\/li><li><strong>Ins Gel\u00e4nde des Objektes werden die mit hei\u00dfer Luft geheizten Ballons \u201eGl\u00fccks-Laternen\u201c nicht erlaubt.<\/strong><\/li><li>Gie\u00dfen Sie bitte keine Fl\u00fcssigkeiten (z.B. Coca-Cola) auf den Rasen nicht aus.<\/li><li>F\u00fcr Go-Karts ist der Eintritt ins Gel\u00e4nde des Objektes verboten.\u00a0 \u00a0<\/li><\/ol><ul><li>6. REKLAMATIONEN<\/li><\/ul><ol><li>Den G\u00e4sten steht das Recht zu, eine schriftliche Reklamation vollzubringen, sollten sie Fehler in der Qualit\u00e4t der erbrachten Dienstleistungen feststellen.<br \/>Jegliche Reklamationen werden an der Rezeption des Ressorts angenommen: Wyzwolenia Stra\u00dfe 22 in Kolberger Deep.<br \/>Eine Reklamation sollte unverz\u00fcglich nach der Feststellung und nicht sp\u00e4ter als innerhalb von 7 Tagen gemeldet werden.<\/li><\/ol><ul><li>7. PERSONALDATEN<\/li><\/ul><ol><li>Indem der Kunde eine Buchung macht, gibt er dadurch seine Zustimmung, dessen Personaldaten in der Datenbank des Feriendorfes Oliwia platziert zu haben.<\/li><li>Verarbeitet werden die Daten nur zum Zwecke der Buchung, um die folgenden Buchungen zu erleichtern, als auch zu Marketingzwecken je nach dem Gesetz aus dem 29.08.1997 \u00fcber Personaldatenschutz.<\/li><li>Dem Kunden steht das Recht zu, seine Daten zu sehen und zu aktualisieren.<\/li><\/ol><ul><li>8. SONSTIGES<\/li><\/ul><ol><li>F\u00fcr die in dieser Ordnung nicht regulierten Sachen werden die Bestimmungen des Zivilgesetzbuches angewandt werden. Die Ordnung tritt in Kraft am 1. November 2012.<\/li><\/ol><ul><li>9. SPIELPLATZORDNUNG<\/li><\/ul><ol><li>Der Spielplatz ist f\u00fcr Kinder im Alter 3 \u2013 12 bestimmt.<\/li><li>Kinder unter 12 d\u00fcrfen am Spielplatz nur in Obhut der Erwachsenen spielen.<\/li><li>F\u00fcr die von Kindern verursachten Sch\u00e4den haften deren Eltern oder Betreuer.<\/li><li>Am Spielplatz sind Hunde verboten.<\/li><li><strong>Im Gel\u00e4nde des Objektes sind gro\u00dfe Fahrr\u00e4der und Fu\u00dfballspielen verboten.<\/strong><\/li><li>Den Spielplatz darf man nicht verunreinigen.<\/li><li>Im Gel\u00e4nde des Spielplatzes und in dessen N\u00e4he ist der Tabak-und Alkoholkonsum strengstens verboten.<\/li><li><strong>Zabrania si\u0119 wchodzenia na dachy i zewn\u0119trzne g\u00f3rne i dolne elementy konstrukcji placu zabaw<\/strong><\/li><\/ol>\t\t\t\t\t\t\t\t<\/div>\n\t\t\t\t<\/div>\n\t\t\t\t<div class=\"elementor-element elementor-element-e50046c elementor-widget elementor-widget-spacer\" data-id=\"e50046c\" data-element_type=\"widget\" data-widget_type=\"spacer.default\">\n\t\t\t\t<div class=\"elementor-widget-container\">\n\t\t\t\t\t\t\t<div class=\"elementor-spacer\">\n\t\t\t<div class=\"elementor-spacer-inner\"><\/div>\n\t\t<\/div>\n\t\t\t\t\t\t<\/div>\n\t\t\t\t<\/div>\n\t\t\t\t\t<\/div>\n\t\t<\/div>\n\t\t\t\t\t<\/div>\n\t\t<\/section>\n\t\t\t\t<\/div>","protected":false},"excerpt":{"rendered":"<p>REGULAMIN W dniu przyjazdu pobieramy op\u0142at\u0119 serwisow\u0105 w kwocie 200 z\u0142Pobieramy op\u0142at\u0119 za zu\u017cycie energii elektrycznej 2,5 z\u0142 \/1 kWh. Rozliczenie poboru pr\u0105du w domku nast\u0119puje po zako\u0144czeniu pobytu.Przed przekazaniem domku pobieramy kaucje za domek w wysoko\u015bci 200z\u0142. Kaucj\u0119 zwracamy w dniu wyjazdu 1 POSTANOWIENIA OG\u00d3LNE Niniejszy Regulamin stanowi integraln\u0105 cz\u0119\u015b\u0107 umowy na pobyt turystyczny &hellip;<\/p>\n<p class=\"read-more\"> <a class=\"\" href=\"https:\/\/www.oliwiadzwirzyno.pl\/de\/regulamin-osrodka\/\"> <span class=\"screen-reader-text\">Bestimmungen des Zentrums<\/span> Weiterlesen &raquo;<\/a><\/p>","protected":false},"author":1,"featured_media":0,"parent":0,"menu_order":0,"comment_status":"closed","ping_status":"closed","template":"","meta":{"footnotes":""},"class_list":["post-797","page","type-page","status-publish","hentry"],"yoast_head":"<!-- This site is optimized with the Yoast SEO plugin v26.7 - https:\/\/yoast.com\/wordpress\/plugins\/seo\/ -->\n<title>Regulamin O\u015brodka - O\u015brodek Wypoczynkowy Oliwia<\/title>\n<meta name=\"robots\" content=\"index, follow, max-snippet:-1, max-image-preview:large, max-video-preview:-1\" \/>\n<link rel=\"canonical\" href=\"https:\/\/www.oliwiadzwirzyno.pl\/de\/regulamin-osrodka\/\" \/>\n<meta property=\"og:locale\" content=\"de_DE\" \/>\n<meta property=\"og:type\" content=\"article\" \/>\n<meta property=\"og:title\" content=\"Regulamin O\u015brodka - O\u015brodek Wypoczynkowy Oliwia\" \/>\n<meta property=\"og:description\" content=\"REGULAMIN W dniu przyjazdu pobieramy op\u0142at\u0119 serwisow\u0105 w kwocie 200 z\u0142Pobieramy op\u0142at\u0119 za zu\u017cycie energii elektrycznej 2,5 z\u0142 \/1 kWh. Rozliczenie poboru pr\u0105du w domku nast\u0119puje po zako\u0144czeniu pobytu.Przed przekazaniem domku pobieramy kaucje za domek w wysoko\u015bci 200z\u0142. Kaucj\u0119 zwracamy w dniu wyjazdu 1 POSTANOWIENIA OG\u00d3LNE Niniejszy Regulamin stanowi integraln\u0105 cz\u0119\u015b\u0107 umowy na pobyt turystyczny &hellip; Regulamin O\u015brodka Weiterlesen &raquo;\" \/>\n<meta property=\"og:url\" content=\"https:\/\/www.oliwiadzwirzyno.pl\/de\/regulamin-osrodka\/\" \/>\n<meta property=\"og:site_name\" content=\"O\u015brodek Wypoczynkowy Oliwia\" \/>\n<meta property=\"article:modified_time\" content=\"2026-03-16T12:31:24+00:00\" \/>\n<meta name=\"twitter:card\" content=\"summary_large_image\" \/>\n<meta name=\"twitter:label1\" content=\"Gesch\u00e4tzte Lesezeit\" \/>\n\t<meta name=\"twitter:data1\" content=\"9\u00a0Minuten\" \/>\n<script type=\"application\/ld+json\" class=\"yoast-schema-graph\">{\"@context\":\"https:\/\/schema.org\",\"@graph\":[{\"@type\":\"WebPage\",\"@id\":\"https:\/\/www.oliwiadzwirzyno.pl\/regulamin-osrodka\/\",\"url\":\"https:\/\/www.oliwiadzwirzyno.pl\/regulamin-osrodka\/\",\"name\":\"Regulamin O\u015brodka - O\u015brodek Wypoczynkowy Oliwia\",\"isPartOf\":{\"@id\":\"https:\/\/www.oliwiadzwirzyno.pl\/#website\"},\"datePublished\":\"2020-12-14T13:26:24+00:00\",\"dateModified\":\"2026-03-16T12:31:24+00:00\",\"breadcrumb\":{\"@id\":\"https:\/\/www.oliwiadzwirzyno.pl\/regulamin-osrodka\/#breadcrumb\"},\"inLanguage\":\"de\",\"potentialAction\":[{\"@type\":\"ReadAction\",\"target\":[\"https:\/\/www.oliwiadzwirzyno.pl\/regulamin-osrodka\/\"]}]},{\"@type\":\"BreadcrumbList\",\"@id\":\"https:\/\/www.oliwiadzwirzyno.pl\/regulamin-osrodka\/#breadcrumb\",\"itemListElement\":[{\"@type\":\"ListItem\",\"position\":1,\"name\":\"Strona g\u0142\u00f3wna\",\"item\":\"https:\/\/www.oliwiadzwirzyno.pl\/\"},{\"@type\":\"ListItem\",\"position\":2,\"name\":\"Regulamin O\u015brodka\"}]},{\"@type\":\"WebSite\",\"@id\":\"https:\/\/www.oliwiadzwirzyno.pl\/#website\",\"url\":\"https:\/\/www.oliwiadzwirzyno.pl\/\",\"name\":\"O\u015brodek Wypoczynkowy Oliwia\",\"description\":\"- wakacje nad morzem\",\"potentialAction\":[{\"@type\":\"SearchAction\",\"target\":{\"@type\":\"EntryPoint\",\"urlTemplate\":\"https:\/\/www.oliwiadzwirzyno.pl\/?s={search_term_string}\"},\"query-input\":{\"@type\":\"PropertyValueSpecification\",\"valueRequired\":true,\"valueName\":\"search_term_string\"}}],\"inLanguage\":\"de\"}]}<\/script>\n<!-- \/ Yoast SEO plugin. -->","yoast_head_json":{"title":"Regulamin O\u015brodka - O\u015brodek Wypoczynkowy Oliwia","robots":{"index":"index","follow":"follow","max-snippet":"max-snippet:-1","max-image-preview":"max-image-preview:large","max-video-preview":"max-video-preview:-1"},"canonical":"https:\/\/www.oliwiadzwirzyno.pl\/de\/regulamin-osrodka\/","og_locale":"de_DE","og_type":"article","og_title":"Regulamin O\u015brodka - O\u015brodek Wypoczynkowy Oliwia","og_description":"REGULAMIN W dniu przyjazdu pobieramy op\u0142at\u0119 serwisow\u0105 w kwocie 200 z\u0142Pobieramy op\u0142at\u0119 za zu\u017cycie energii elektrycznej 2,5 z\u0142 \/1 kWh. Rozliczenie poboru pr\u0105du w domku nast\u0119puje po zako\u0144czeniu pobytu.Przed przekazaniem domku pobieramy kaucje za domek w wysoko\u015bci 200z\u0142. Kaucj\u0119 zwracamy w dniu wyjazdu 1 POSTANOWIENIA OG\u00d3LNE Niniejszy Regulamin stanowi integraln\u0105 cz\u0119\u015b\u0107 umowy na pobyt turystyczny &hellip; Regulamin O\u015brodka Weiterlesen &raquo;","og_url":"https:\/\/www.oliwiadzwirzyno.pl\/de\/regulamin-osrodka\/","og_site_name":"O\u015brodek Wypoczynkowy Oliwia","article_modified_time":"2026-03-16T12:31:24+00:00","twitter_card":"summary_large_image","twitter_misc":{"Gesch\u00e4tzte Lesezeit":"9\u00a0Minuten"},"schema":{"@context":"https:\/\/schema.org","@graph":[{"@type":"WebPage","@id":"https:\/\/www.oliwiadzwirzyno.pl\/regulamin-osrodka\/","url":"https:\/\/www.oliwiadzwirzyno.pl\/regulamin-osrodka\/","name":"Regulamin O\u015brodka - O\u015brodek Wypoczynkowy Oliwia","isPartOf":{"@id":"https:\/\/www.oliwiadzwirzyno.pl\/#website"},"datePublished":"2020-12-14T13:26:24+00:00","dateModified":"2026-03-16T12:31:24+00:00","breadcrumb":{"@id":"https:\/\/www.oliwiadzwirzyno.pl\/regulamin-osrodka\/#breadcrumb"},"inLanguage":"de","potentialAction":[{"@type":"ReadAction","target":["https:\/\/www.oliwiadzwirzyno.pl\/regulamin-osrodka\/"]}]},{"@type":"BreadcrumbList","@id":"https:\/\/www.oliwiadzwirzyno.pl\/regulamin-osrodka\/#breadcrumb","itemListElement":[{"@type":"ListItem","position":1,"name":"Strona g\u0142\u00f3wna","item":"https:\/\/www.oliwiadzwirzyno.pl\/"},{"@type":"ListItem","position":2,"name":"Regulamin O\u015brodka"}]},{"@type":"WebSite","@id":"https:\/\/www.oliwiadzwirzyno.pl\/#website","url":"https:\/\/www.oliwiadzwirzyno.pl\/","name":"O\u015brodek Wypoczynkowy Oliwia","description":"- wakacje nad morzem","potentialAction":[{"@type":"SearchAction","target":{"@type":"EntryPoint","urlTemplate":"https:\/\/www.oliwiadzwirzyno.pl\/?s={search_term_string}"},"query-input":{"@type":"PropertyValueSpecification","valueRequired":true,"valueName":"search_term_string"}}],"inLanguage":"de"}]}},"_links":{"self":[{"href":"https:\/\/www.oliwiadzwirzyno.pl\/de\/wp-json\/wp\/v2\/pages\/797","targetHints":{"allow":["GET"]}}],"collection":[{"href":"https:\/\/www.oliwiadzwirzyno.pl\/de\/wp-json\/wp\/v2\/pages"}],"about":[{"href":"https:\/\/www.oliwiadzwirzyno.pl\/de\/wp-json\/wp\/v2\/types\/page"}],"author":[{"embeddable":true,"href":"https:\/\/www.oliwiadzwirzyno.pl\/de\/wp-json\/wp\/v2\/users\/1"}],"replies":[{"embeddable":true,"href":"https:\/\/www.oliwiadzwirzyno.pl\/de\/wp-json\/wp\/v2\/comments?post=797"}],"version-history":[{"count":61,"href":"https:\/\/www.oliwiadzwirzyno.pl\/de\/wp-json\/wp\/v2\/pages\/797\/revisions"}],"predecessor-version":[{"id":2439,"href":"https:\/\/www.oliwiadzwirzyno.pl\/de\/wp-json\/wp\/v2\/pages\/797\/revisions\/2439"}],"wp:attachment":[{"href":"https:\/\/www.oliwiadzwirzyno.pl\/de\/wp-json\/wp\/v2\/media?parent=797"}],"curies":[{"name":"wp","href":"https:\/\/api.w.org\/{rel}","templated":true}]}}